{"id":3254,"date":"2014-08-02T23:09:12","date_gmt":"2014-08-02T23:09:12","guid":{"rendered":"http:\/\/www.eurocircle.com\/euro\/?page_id=3254"},"modified":"2014-08-31T22:27:16","modified_gmt":"2014-08-31T22:27:16","slug":"boston","status":"publish","type":"page","link":"https:\/\/www.eurocircle.com\/euro\/boston\/","title":{"rendered":"Boston"},"content":{"rendered":"<div class='flex_column av-av_one_full-2a9015ff38129c418a3f2eafba3e9512 av_one_full  avia-builder-el-0  el_before_av_heading  avia-builder-el-first  first flex_column_div '   ><style type=\"text\/css\" data-created_by=\"avia_inline_auto\" id=\"style-css-av-av_image-f8de5472f4506968257423e858198c97\">\n.avia-image-container.av-av_image-f8de5472f4506968257423e858198c97 .av-image-caption-overlay-center{\ncolor:#ffffff;\n}\n<\/style>\n<div  class='avia-image-container av-av_image-f8de5472f4506968257423e858198c97 av-styling- avia-align-left  avia-builder-el-1  avia-builder-el-no-sibling '  itemprop=\"image\" itemscope=\"itemscope\" itemtype=\"https:\/\/schema.org\/ImageObject\" ><div class=\"avia-image-container-inner\"><div class=\"avia-image-overlay-wrap\"><img class='wp-image-3255 avia-img-lazy-loading-not-3255 avia_image' src=\"https:\/\/www.eurocircle.com\/euro\/wp-content\/uploads\/2014\/08\/Boston-LongBanner.jpg\" alt='' title='Boston-LongBanner'  height=\"259\" width=\"1210\"  itemprop=\"thumbnailUrl\" srcset=\"https:\/\/www.eurocircle.com\/euro\/wp-content\/uploads\/2014\/08\/Boston-LongBanner.jpg 1210w, https:\/\/www.eurocircle.com\/euro\/wp-content\/uploads\/2014\/08\/Boston-LongBanner-300x64.jpg 300w, https:\/\/www.eurocircle.com\/euro\/wp-content\/uploads\/2014\/08\/Boston-LongBanner-1030x220.jpg 1030w, https:\/\/www.eurocircle.com\/euro\/wp-content\/uploads\/2014\/08\/Boston-LongBanner-705x150.jpg 705w, https:\/\/www.eurocircle.com\/euro\/wp-content\/uploads\/2014\/08\/Boston-LongBanner-450x96.jpg 450w\" sizes=\"(max-width: 1210px) 100vw, 1210px\" \/><\/div><\/div><\/div><\/div>\n\n<style type=\"text\/css\" data-created_by=\"avia_inline_auto\" id=\"style-css-av-av_heading-2c81819341b0cd06676b56a5bf273ed4\">\n#top .av-special-heading.av-av_heading-2c81819341b0cd06676b56a5bf273ed4{\npadding-bottom:10px;\ncolor:#2d5d88;\n}\nbody .av-special-heading.av-av_heading-2c81819341b0cd06676b56a5bf273ed4 .av-special-heading-tag .heading-char{\nfont-size:25px;\n}\n.av-special-heading.av-av_heading-2c81819341b0cd06676b56a5bf273ed4 .special-heading-inner-border{\nborder-color:#2d5d88;\n}\n.av-special-heading.av-av_heading-2c81819341b0cd06676b56a5bf273ed4 .av-subheading{\nfont-size:15px;\n}\n<\/style>\n<div  class='av-special-heading av-av_heading-2c81819341b0cd06676b56a5bf273ed4 av-special-heading-h3 custom-color-heading  avia-builder-el-2  el_after_av_one_full  el_before_av_textblock '><h3 class='av-special-heading-tag'  itemprop=\"headline\"  >Welcome to Boston !<\/h3><div class=\"special-heading-border\"><div class=\"special-heading-inner-border\"><\/div><\/div><\/div>\n<section  class='av_textblock_section av-av_textblock-9e05ba76be6ee62061e9805af63555d2'  itemscope=\"itemscope\" itemtype=\"https:\/\/schema.org\/CreativeWork\" ><div class='avia_textblock'  itemprop=\"text\" ><p>Boston lives up to its rich history. In many ways the city retains and radiates the glory it has garnered over the last four centuries. From the Puritans, The Sons of Freedom, poets and philosophers who were leading a cultural revolution \u2013 pushing progressive causes like abolitionism, feminism and transcendentalism. Boston is at the forefront of controversial issues like same-sex marriage and universal healthcare. From September through May, the city overflows with the students at his famous educational institutions i.e. Harvard and MTI. This renewable source of cultural energy supports amazing sporting events, film festivals, music scenes, art galleries, coffee shops, hip clubs and Irish pubs.<\/p>\n<\/div><\/section>\n\n<style type=\"text\/css\" data-created_by=\"avia_inline_auto\" id=\"style-css-av-av_heading-7faa4e943a7e1534e6687c386e129124\">\n#top .av-special-heading.av-av_heading-7faa4e943a7e1534e6687c386e129124{\npadding-bottom:0px;\ncolor:#2d5d88;\n}\nbody .av-special-heading.av-av_heading-7faa4e943a7e1534e6687c386e129124 .av-special-heading-tag .heading-char{\nfont-size:25px;\n}\n.av-special-heading.av-av_heading-7faa4e943a7e1534e6687c386e129124 .special-heading-inner-border{\nborder-color:#2d5d88;\n}\n.av-special-heading.av-av_heading-7faa4e943a7e1534e6687c386e129124 .av-subheading{\nfont-size:15px;\n}\n<\/style>\n<div  class='av-special-heading av-av_heading-7faa4e943a7e1534e6687c386e129124 av-special-heading-h3 custom-color-heading  avia-builder-el-4  el_after_av_textblock  el_before_av_hr '><h3 class='av-special-heading-tag'  itemprop=\"headline\"  >Your Boston Team<\/h3><div class=\"special-heading-border\"><div class=\"special-heading-inner-border\"><\/div><\/div><\/div>\n\n<style type=\"text\/css\" data-created_by=\"avia_inline_auto\" id=\"style-css-av-av_hr-6311b6b3c8396f667a6d38ff91ca0d5c\">\n#top .hr.hr-invisible.av-av_hr-6311b6b3c8396f667a6d38ff91ca0d5c{\nheight:30px;\n}\n<\/style>\n<div  class='hr av-av_hr-6311b6b3c8396f667a6d38ff91ca0d5c hr-invisible  avia-builder-el-5  el_after_av_heading  el_before_av_one_fifth '><span class='hr-inner '><span class=\"hr-inner-style\"><\/span><\/span><\/div>\n<div class='flex_column av-av_one_fifth-2a9015ff38129c418a3f2eafba3e9512 av_one_fifth  avia-builder-el-6  el_after_av_hr  el_before_av_four_fifth  first flex_column_div '   ><section  class='avia-team-member av-av_team_member-fc0bc4edc9f5d6f3a0e40d930913aa55  avia-builder-el-7  avia-builder-el-no-sibling '  itemscope=\"itemscope\" itemtype=\"https:\/\/schema.org\/Person\" ><div class=\"team-img-container\"><img width=\"180\" height=\"180\" class='wp-image-3258 avia-img-lazy-loading-not-3258 avia_image avia_image_team' src=\"http:\/\/www.eurocircle.com\/euro\/wp-content\/uploads\/2014\/08\/Boston-GulceAskin.jpg\" alt='G\u00fclce A\u015fk\u0131n'  itemprop=\"image\" srcset=\"https:\/\/www.eurocircle.com\/euro\/wp-content\/uploads\/2014\/08\/Boston-GulceAskin.jpg 180w, https:\/\/www.eurocircle.com\/euro\/wp-content\/uploads\/2014\/08\/Boston-GulceAskin-80x80.jpg 80w, https:\/\/www.eurocircle.com\/euro\/wp-content\/uploads\/2014\/08\/Boston-GulceAskin-36x36.jpg 36w, https:\/\/www.eurocircle.com\/euro\/wp-content\/uploads\/2014\/08\/Boston-GulceAskin-120x120.jpg 120w\" sizes=\"(max-width: 180px) 100vw, 180px\" \/><div class=\"team-social\"><div class=\"team-social-inner\"><span class='hidden av_member_url_markup '  itemprop=\"email\" >mailto:boston@eurocircle.com<\/span><a href='mailto:boston@eurocircle.com' class='avia-team-icon av-av_team_icon-698fc21e70b961b6f240773774ca2e95' rel='v:url' data-avia-tooltip=\"Contact G\u00fclce\"  aria-hidden='true' data-av_icon='\ue805' data-av_iconfont='entypo-fontello'><\/a><\/div><\/div><\/div><h3 class='team-member-name '  itemprop=\"name\" >G\u00fclce A\u015fk\u0131n<\/h3><span class='hidden team-member-affiliation'  itemprop=\"affiliation\" >EuroCircle<\/span><\/section><\/div>\n<div class='flex_column av-av_four_fifth-390197eb323e79360b60b5518219bfa2 av_four_fifth  avia-builder-el-8  el_after_av_one_fifth  el_before_av_heading  flex_column_div '   ><section  class='av_textblock_section av-av_textblock-9e05ba76be6ee62061e9805af63555d2'  itemscope=\"itemscope\" itemtype=\"https:\/\/schema.org\/CreativeWork\" ><div class='avia_textblock'  itemprop=\"text\" ><p>G\u00fclce is originally from the fair city of Istanbul and has lived in the US for much of her life. G\u00fclce is working to get the EuroCircle network connected to the many annual events offered by the Boston University Center for the Study of Europe, and to the other European social and cultural groups Boston has to offer.<\/p>\n<p>She works in international development and is also a Master\u2019s Candidate in Public Health.<\/p>\n<\/div><\/section><\/div>\n<style type=\"text\/css\" data-created_by=\"avia_inline_auto\" id=\"style-css-av-av_heading-8d42e4170b3146387e517513ad33d0ea\">\n#top .av-special-heading.av-av_heading-8d42e4170b3146387e517513ad33d0ea{\npadding-bottom:10px;\ncolor:#2d5d88;\n}\nbody .av-special-heading.av-av_heading-8d42e4170b3146387e517513ad33d0ea .av-special-heading-tag .heading-char{\nfont-size:25px;\n}\n.av-special-heading.av-av_heading-8d42e4170b3146387e517513ad33d0ea .special-heading-inner-border{\nborder-color:#2d5d88;\n}\n.av-special-heading.av-av_heading-8d42e4170b3146387e517513ad33d0ea .av-subheading{\nfont-size:15px;\n}\n<\/style>\n<div  class='av-special-heading av-av_heading-8d42e4170b3146387e517513ad33d0ea av-special-heading-h3 custom-color-heading  avia-builder-el-10  el_after_av_four_fifth  el_before_av_notification '><h3 class='av-special-heading-tag'  itemprop=\"headline\"  >Upcoming Events in Boston<\/h3><div class=\"special-heading-border\"><div class=\"special-heading-inner-border\"><\/div><\/div><\/div><\/p>\n<div id='avia-messagebox-' class='avia_message_box av_notification av-av_notification-e6678bc7760dd99f7b8cc24ad58c6314 avia-color-red avia-size-large avia-icon_select-yes avia-border-  avia-builder-el-11  el_after_av_heading  avia-builder-el-last ' ><span class='avia_message_box_title' >Please Note<\/span><div class=\"avia_message_box_content\"><span class='avia_message_box_icon' aria-hidden='true' data-av_icon='\ue83f' data-av_iconfont='entypo-fontello'><\/span><p>Events and photos prior to 2014 are still being migrated and will be available soon.<\/p>\n<\/div><\/div>\n","protected":false},"excerpt":{"rendered":"","protected":false},"author":1,"featured_media":0,"parent":0,"menu_order":0,"comment_status":"closed","ping_status":"closed","template":"template-boston.php","meta":[],"_links":{"self":[{"href":"https:\/\/www.eurocircle.com\/euro\/wp-json\/wp\/v2\/pages\/3254"}],"collection":[{"href":"https:\/\/www.eurocircle.com\/euro\/wp-json\/wp\/v2\/pages"}],"about":[{"href":"https:\/\/www.eurocircle.com\/euro\/wp-json\/wp\/v2\/types\/page"}],"author":[{"embeddable":true,"href":"https:\/\/www.eurocircle.com\/euro\/wp-json\/wp\/v2\/users\/1"}],"replies":[{"embeddable":true,"href":"https:\/\/www.eurocircle.com\/euro\/wp-json\/wp\/v2\/comments?post=3254"}],"version-history":[{"count":10,"href":"https:\/\/www.eurocircle.com\/euro\/wp-json\/wp\/v2\/pages\/3254\/revisions"}],"predecessor-version":[{"id":4607,"href":"https:\/\/www.eurocircle.com\/euro\/wp-json\/wp\/v2\/pages\/3254\/revisions\/4607"}],"wp:attachment":[{"href":"https:\/\/www.eurocircle.com\/euro\/wp-json\/wp\/v2\/media?parent=3254"}],"curies":[{"name":"wp","href":"https:\/\/api.w.org\/{rel}","templated":true}]}}